{"id":2664,"date":"2026-04-23T16:37:31","date_gmt":"2026-04-23T14:37:31","guid":{"rendered":"https:\/\/lexsys.de\/?page_id=2664"},"modified":"2026-04-23T17:02:13","modified_gmt":"2026-04-23T15:02:13","slug":"register-as-a-freelance-technical-writer","status":"publish","type":"page","link":"https:\/\/lexsys.de\/de\/register-as-a-freelance-technical-writer\/","title":{"rendered":"Als freiberuflicher technischer Autor registrieren"},"content":{"rendered":"\t\t<div data-elementor-type=\"wp-page\" data-elementor-id=\"2664\" class=\"elementor elementor-2664\" data-elementor-post-type=\"page\">\n\t\t\t\t<div class=\"elementor-element elementor-element-67e3821d e-con-full e-flex e-con e-parent\" data-id=\"67e3821d\" data-element_type=\"container\" data-e-type=\"container\">\n\t\t\t\t<div class=\"elementor-element elementor-element-114183b elementor-widget__width-inherit elementor-widget elementor-widget-image\" data-id=\"114183b\" data-element_type=\"widget\" data-e-type=\"widget\" data-widget_type=\"image.default\">\n\t\t\t\t\t\t\t\t\t\t\t\t\t\t\t<img fetchpriority=\"high\" decoding=\"async\" width=\"800\" height=\"266\" src=\"https:\/\/lexsys.de\/wp-content\/uploads\/2026\/04\/lexsys_freelance_hero_1-1024x341.png\" class=\"attachment-large size-large wp-image-2671\" alt=\"\" srcset=\"https:\/\/lexsys.de\/wp-content\/uploads\/2026\/04\/lexsys_freelance_hero_1-1024x341.png 1024w, https:\/\/lexsys.de\/wp-content\/uploads\/2026\/04\/lexsys_freelance_hero_1-300x100.png 300w, https:\/\/lexsys.de\/wp-content\/uploads\/2026\/04\/lexsys_freelance_hero_1-768x256.png 768w, https:\/\/lexsys.de\/wp-content\/uploads\/2026\/04\/lexsys_freelance_hero_1-1536x512.png 1536w, https:\/\/lexsys.de\/wp-content\/uploads\/2026\/04\/lexsys_freelance_hero_1-2048x682.png 2048w\" sizes=\"(max-width: 800px) 100vw, 800px\" \/>\t\t\t\t\t\t\t\t\t\t\t\t\t\t\t<\/div>\n\t\t\t\t<\/div>\n\t\t<div class=\"elementor-element elementor-element-f42d7c0 e-flex e-con-boxed e-con e-parent\" data-id=\"f42d7c0\" data-element_type=\"container\" data-e-type=\"container\">\n\t\t\t\t\t<div class=\"e-con-inner\">\n\t\t\t\t<div class=\"elementor-element elementor-element-161efe4 elementor-widget elementor-widget-text-editor\" data-id=\"161efe4\" data-element_type=\"widget\" data-e-type=\"widget\" data-widget_type=\"text-editor.default\">\n\t\t\t\t\t\t\t\t\t<h1>Wir suchen erfahrene technische Autoren<\/h1>\t\t\t\t\t\t\t\t<\/div>\n\t\t\t\t\t<\/div>\n\t\t\t\t<\/div>\n\t\t<div class=\"elementor-element elementor-element-e3784c5 e-flex e-con-boxed e-con e-parent\" data-id=\"e3784c5\" data-element_type=\"container\" data-e-type=\"container\">\n\t\t\t\t\t<div class=\"e-con-inner\">\n\t\t\t\t<div class=\"elementor-element elementor-element-5c3e008 elementor-widget elementor-widget-text-editor\" data-id=\"5c3e008\" data-element_type=\"widget\" data-e-type=\"widget\" data-widget_type=\"text-editor.default\">\n\t\t\t\t\t\t\t\t\t<p class=\"font-claude-response-body break-words whitespace-normal leading-[1.7]\">Sind Sie leidenschaftlicher Ersteller klarer, pr\u00e4ziser technischer Dokumentation? Verf\u00fcgen Sie \u00fcber Erfahrung im Schreiben von Benutzerhandb\u00fcchern, API-Dokumentation oder technischen Spezifikationen? Wir bauen ein Netzwerk qualifizierter freiberuflicher technischer Autoren auf, um die Dokumentationsanforderungen unserer Kunden zu unterst\u00fctzen.<\/p><p class=\"font-claude-response-body break-words whitespace-normal leading-[1.7]\">Wenn Sie daran interessiert sind, unserer Gemeinschaft technischer Dokumentationsprofis beizutreten, registrieren Sie sich bitte unten. Wir werden Ihr Profil pr\u00fcfen und uns mit passenden M\u00f6glichkeiten bei Ihnen melden.<\/p>\t\t\t\t\t\t\t\t<\/div>\n\t\t\t\t\t<\/div>\n\t\t\t\t<\/div>\n\t\t<div class=\"elementor-element elementor-element-abd77c7 e-flex e-con-boxed e-con e-parent\" data-id=\"abd77c7\" data-element_type=\"container\" data-e-type=\"container\">\n\t\t\t\t\t<div class=\"e-con-inner\">\n\t\t\t\t<div class=\"elementor-element elementor-element-f3874aa elementor-align-center elementor-widget elementor-widget-button\" data-id=\"f3874aa\" data-element_type=\"widget\" data-e-type=\"widget\" data-widget_type=\"button.default\">\n\t\t\t\t\t\t\t\t\t\t<a class=\"elementor-button elementor-button-link elementor-size-sm\" href=\"https:\/\/projects.lexsys.de\/pagesUTF8\/templatenewresource.html\" target=\"_blank\">\n\t\t\t\t\t\t<span class=\"elementor-button-content-wrapper\">\n\t\t\t\t\t\t\t\t\t<span class=\"elementor-button-text\">Jetzt registrieren<\/span>\n\t\t\t\t\t<\/span>\n\t\t\t\t\t<\/a>\n\t\t\t\t\t\t\t\t<\/div>\n\t\t\t\t\t<\/div>\n\t\t\t\t<\/div>\n\t\t\t\t<\/div>\n\t\t","protected":false},"excerpt":{"rendered":"<p>Wir suchen erfahrene technische Autoren Sind Sie leidenschaftlicher Ersteller klarer, pr\u00e4ziser technischer Dokumentation? Verf\u00fcgen Sie \u00fcber Erfahrung im Schreiben von Benutzerhandb\u00fcchern, API-Dokumentation oder technischen Spezifikationen? Wir bauen ein Netzwerk qualifizierter freiberuflicher technischer Autoren auf, um die Dokumentationsanforderungen unserer Kunden zu unterst\u00fctzen. Wenn Sie daran interessiert sind, unserer Gemeinschaft technischer Dokumentationsprofis beizutreten, registrieren Sie sich bitte [&hellip;]<\/p>\n","protected":false},"author":2,"featured_media":0,"parent":0,"menu_order":0,"comment_status":"closed","ping_status":"closed","template":"","meta":{"footnotes":""},"class_list":["post-2664","page","type-page","status-publish","hentry"],"_links":{"self":[{"href":"https:\/\/lexsys.de\/de\/wp-json\/wp\/v2\/pages\/2664","targetHints":{"allow":["GET"]}}],"collection":[{"href":"https:\/\/lexsys.de\/de\/wp-json\/wp\/v2\/pages"}],"about":[{"href":"https:\/\/lexsys.de\/de\/wp-json\/wp\/v2\/types\/page"}],"author":[{"embeddable":true,"href":"https:\/\/lexsys.de\/de\/wp-json\/wp\/v2\/users\/2"}],"replies":[{"embeddable":true,"href":"https:\/\/lexsys.de\/de\/wp-json\/wp\/v2\/comments?post=2664"}],"version-history":[{"count":14,"href":"https:\/\/lexsys.de\/de\/wp-json\/wp\/v2\/pages\/2664\/revisions"}],"predecessor-version":[{"id":2683,"href":"https:\/\/lexsys.de\/de\/wp-json\/wp\/v2\/pages\/2664\/revisions\/2683"}],"wp:attachment":[{"href":"https:\/\/lexsys.de\/de\/wp-json\/wp\/v2\/media?parent=2664"}],"curies":[{"name":"wp","href":"https:\/\/api.w.org\/{rel}","templated":true}]}}